{"id":31,"date":"2025-02-03T20:30:37","date_gmt":"2025-02-03T19:30:37","guid":{"rendered":"https:\/\/hotel-intemporel.com\/?page_id=31"},"modified":"2025-03-13T23:51:56","modified_gmt":"2025-03-13T22:51:56","slug":"restaurant","status":"publish","type":"page","link":"https:\/\/www.hotel-intemporel.com\/index.php\/restaurant\/","title":{"rendered":"c_Restaurant"},"content":{"rendered":"\n<p class=\"has-text-align-center\">Avec sa grande terrasse \u00e0 ciel ouvert et ombrag\u00e9e par son immense arbre de plus de 50 ans, le restaurant de l&rsquo;Intemporel est fait pour le bonheur de tous.&nbsp;<\/p>\n\n\n<div id=\"metaslider-id-183\" style=\"max-width: 500px; margin: 0 auto;\" class=\"ml-slider-3-100-1 metaslider metaslider-flex metaslider-183 ml-slider ms-theme-default-base has-dots-nav\" role=\"region\" aria-label=\"Terrasse\" data-height=\"250\" data-width=\"500\">\n    <div id=\"metaslider_container_183\">\n        <div id=\"metaslider_183\">\n            <ul class='slides'>\n                <li style=\"display: block; width: 100%;\" class=\"slide-196 ms-image \" aria-roledescription=\"slide\" data-date=\"2025-02-28 10:39:25\"><img loading=\"lazy\" decoding=\"async\" src=\"https:\/\/www.hotel-intemporel.com\/wp-content\/uploads\/2025\/02\/11-scaled-500x250.jpg\" height=\"250\" width=\"500\" alt=\"\" class=\"slider-183 slide-196 msDefaultImage\" title=\"11\" \/><\/li>\n                <li style=\"display: none; width: 100%;\" class=\"slide-197 ms-image \" aria-roledescription=\"slide\" data-date=\"2025-02-28 10:39:25\"><img loading=\"lazy\" decoding=\"async\" src=\"https:\/\/www.hotel-intemporel.com\/wp-content\/uploads\/2025\/02\/10-scaled-500x250.jpg\" height=\"250\" width=\"500\" alt=\"\" class=\"slider-183 slide-197 msDefaultImage\" title=\"10\" \/><\/li>\n                <li style=\"display: none; width: 100%;\" class=\"slide-198 ms-image \" aria-roledescription=\"slide\" data-date=\"2025-02-28 10:39:25\"><img loading=\"lazy\" decoding=\"async\" src=\"https:\/\/www.hotel-intemporel.com\/wp-content\/uploads\/2025\/02\/5-scaled-500x250.jpg\" height=\"250\" width=\"500\" alt=\"\" class=\"slider-183 slide-198 msDefaultImage\" title=\"5\" \/><\/li>\n                <li style=\"display: none; width: 100%;\" class=\"slide-199 ms-image \" aria-roledescription=\"slide\" data-date=\"2025-02-28 10:39:25\"><img loading=\"lazy\" decoding=\"async\" src=\"https:\/\/www.hotel-intemporel.com\/wp-content\/uploads\/2025\/02\/4-scaled-500x250.jpg\" height=\"250\" width=\"500\" alt=\"\" class=\"slider-183 slide-199 msDefaultImage\" title=\"4\" \/><\/li>\n                <li style=\"display: none; width: 100%;\" class=\"slide-200 ms-image \" aria-roledescription=\"slide\" data-date=\"2025-02-28 10:39:25\"><img loading=\"lazy\" decoding=\"async\" src=\"https:\/\/www.hotel-intemporel.com\/wp-content\/uploads\/2025\/02\/2-scaled-500x250.jpg\" height=\"250\" width=\"500\" alt=\"\" class=\"slider-183 slide-200 msDefaultImage\" title=\"2\" \/><\/li>\n                <li style=\"display: none; width: 100%;\" class=\"slide-201 ms-image \" aria-roledescription=\"slide\" data-date=\"2025-02-28 10:39:25\"><img loading=\"lazy\" decoding=\"async\" src=\"https:\/\/www.hotel-intemporel.com\/wp-content\/uploads\/2025\/02\/1-scaled-500x250.jpg\" height=\"250\" width=\"500\" alt=\"\" class=\"slider-183 slide-201 msDefaultImage\" title=\"1\" \/><\/li>\n                <li style=\"display: none; width: 100%;\" class=\"slide-354 ms-image \" aria-roledescription=\"slide\" data-date=\"2025-03-02 19:39:23\"><img loading=\"lazy\" decoding=\"async\" src=\"https:\/\/www.hotel-intemporel.com\/wp-content\/uploads\/2025\/03\/2025-03-02-at-19.21.17-4-500x250.jpeg\" height=\"250\" width=\"500\" alt=\"\" class=\"slider-183 slide-354 msDefaultImage\" title=\"2025-03-02 at 19.21.17-4\" \/><\/li>\n            <\/ul>\n        <\/div>\n        \n    <\/div>\n<\/div>\n\n\n\n<p class=\"has-text-align-center\">Vous y retrouverez une cuisine qualitative conservant au fil des ann\u00e9es des tarifs d\u00e9fiant toute concurrence pour ce type de prestation.&nbsp;<\/p>\n\n\n<div id=\"metaslider-id-125\" style=\"max-width: 500px; margin: 0 auto;\" class=\"ml-slider-3-100-1 metaslider metaslider-flex metaslider-125 ml-slider ms-theme-default-base has-dots-nav\" role=\"region\" aria-label=\"Cuisine\" data-height=\"250\" data-width=\"500\">\n    <div id=\"metaslider_container_125\">\n        <div id=\"metaslider_125\">\n            <ul class='slides'>\n                <li style=\"display: block; width: 100%;\" class=\"slide-126 ms-image \" aria-roledescription=\"slide\" data-date=\"2025-02-26 22:24:24\"><img loading=\"lazy\" decoding=\"async\" src=\"https:\/\/www.hotel-intemporel.com\/wp-content\/uploads\/2025\/02\/IMG-20250226-WA0008-2.jpg\" height=\"250\" width=\"500\" alt=\"\" class=\"slider-125 slide-126 msDefaultImage\" title=\"IMG-20250226-WA0008-2\" \/><div class=\"caption-wrap\"><div class=\"caption\"><div>Plat 1<\/div><\/div><\/div><\/li>\n                <li style=\"display: none; width: 100%;\" class=\"slide-127 ms-image \" aria-roledescription=\"slide\" data-date=\"2025-02-26 22:24:24\"><img loading=\"lazy\" decoding=\"async\" src=\"https:\/\/www.hotel-intemporel.com\/wp-content\/uploads\/2025\/02\/IMG-20250226-WA0007-2.jpg\" height=\"250\" width=\"500\" alt=\"\" class=\"slider-125 slide-127 msDefaultImage\" title=\"IMG-20250226-WA0007-2\" \/><\/li>\n                <li style=\"display: none; width: 100%;\" class=\"slide-128 ms-image \" aria-roledescription=\"slide\" data-date=\"2025-02-26 22:24:24\"><img loading=\"lazy\" decoding=\"async\" src=\"https:\/\/www.hotel-intemporel.com\/wp-content\/uploads\/2025\/02\/IMG-20250226-WA0006-2.jpg\" height=\"250\" width=\"500\" alt=\"\" class=\"slider-125 slide-128 msDefaultImage\" title=\"IMG-20250226-WA0006-2\" \/><\/li>\n                <li style=\"display: none; width: 100%;\" class=\"slide-129 ms-image \" aria-roledescription=\"slide\" data-date=\"2025-02-26 22:24:24\"><img loading=\"lazy\" decoding=\"async\" src=\"https:\/\/www.hotel-intemporel.com\/wp-content\/uploads\/2025\/02\/IMG-20250226-WA0005-2.jpg\" height=\"250\" width=\"500\" alt=\"\" class=\"slider-125 slide-129 msDefaultImage\" title=\"IMG-20250226-WA0005-2\" \/><\/li>\n                <li style=\"display: none; width: 100%;\" class=\"slide-130 ms-image \" aria-roledescription=\"slide\" data-date=\"2025-02-26 22:24:24\"><img loading=\"lazy\" decoding=\"async\" src=\"https:\/\/www.hotel-intemporel.com\/wp-content\/uploads\/2025\/02\/IMG-20250226-WA0004-2.jpg\" height=\"250\" width=\"500\" alt=\"\" class=\"slider-125 slide-130 msDefaultImage\" title=\"IMG-20250226-WA0004-2\" \/><\/li>\n            <\/ul>\n        <\/div>\n        \n    <\/div>\n<\/div>\n\n\n\n<p class=\"has-text-align-center has-whitesmoke-background-color has-background\">De l&rsquo;entr\u00e9e au dessert, en passant par les suggestions du Chef r\u00e9guli\u00e8rement renouvel\u00e9es, vous pourrez vous faire plaisir avec des produits du terroir, comme avec des plats tout droits sortis de la gastronomie fran\u00e7aise.<\/p>\n\n\n\n<p class=\"has-text-align-center has-whitesmoke-background-color has-background\">Sous une ambiance familiale et d\u00e9contract\u00e9e, vous pourrez venir profiter tous les jours de l&rsquo;ann\u00e9e, des petits d\u00e9jeuners servis d\u00e8s 7h, jusqu&rsquo;au d\u00eener, avec un service continu de la cuisine de 10h \u00e0 23h.<\/p>\n\n\n\n<div class=\"wp-block-presto-player-reusable-edit\"><!--presto-player:video_id=2--><figure class=\"wp-block-video presto-block-video  presto-provider-self-hosted\" style=\"--plyr-color-main: var(--presto-player-highlight-color, #00b3ff); --presto-player-logo-width: 150px; \">\n\t<presto-player \n\t\tpreset='{&quot;id&quot;:3,&quot;name&quot;:&quot;Simple&quot;,&quot;slug&quot;:&quot;simple&quot;,&quot;icon&quot;:&quot;video-alt3&quot;,&quot;skin&quot;:&quot;modern&quot;,&quot;play-large&quot;:true,&quot;rewind&quot;:false,&quot;play&quot;:true,&quot;fast-forward&quot;:false,&quot;progress&quot;:true,&quot;current-time&quot;:false,&quot;mute&quot;:false,&quot;volume&quot;:false,&quot;speed&quot;:false,&quot;pip&quot;:false,&quot;fullscreen&quot;:true,&quot;captions&quot;:false,&quot;reset_on_end&quot;:true,&quot;auto_hide&quot;:true,&quot;show_time_elapsed&quot;:false,&quot;captions_enabled&quot;:false,&quot;save_player_position&quot;:false,&quot;sticky_scroll&quot;:false,&quot;sticky_scroll_position&quot;:&quot;bottom right&quot;,&quot;on_video_end&quot;:&quot;select&quot;,&quot;play_video_viewport&quot;:false,&quot;hide_youtube&quot;:true,&quot;lazy_load_youtube&quot;:false,&quot;hide_logo&quot;:false,&quot;border_radius&quot;:0,&quot;caption_style&quot;:&quot;&quot;,&quot;caption_background&quot;:&quot;&quot;,&quot;is_locked&quot;:true,&quot;cta&quot;:[&quot;&quot;],&quot;watermark&quot;:[&quot;&quot;],&quot;search&quot;:[&quot;&quot;],&quot;email_collection&quot;:[&quot;&quot;],&quot;action_bar&quot;:[&quot;&quot;],&quot;created_by&quot;:1,&quot;created_at&quot;:&quot;2025-03-13 22:35:32&quot;,&quot;updated_at&quot;:&quot;2025-03-13 22:35:32&quot;,&quot;deleted_at&quot;:&quot;&quot;}'\n\t\tbranding='{&quot;logo&quot;:&quot;&quot;,&quot;color&quot;:&quot;#00b3ff&quot;,&quot;logo_width&quot;:150,&quot;player_css&quot;:&quot;&quot;}'\n\t\tchapters='[]'\n\t\toverlays='[]'\n\t\ttracks='[]'\n\t\tblock-attributes='{&quot;playsInline&quot;:true,&quot;id&quot;:2,&quot;attachment_id&quot;:81,&quot;src&quot;:&quot;https:\\\/\\\/www.hotel-intemporel.com\\\/wp-content\\\/uploads\\\/2025\\\/02\\\/lintemporellome_1740567051946.mp4&quot;,&quot;preset&quot;:3,&quot;visibility&quot;:&quot;public&quot;,&quot;color&quot;:&quot;#00b3ff&quot;,&quot;mutedPreview&quot;:{&quot;enabled&quot;:false,&quot;captions&quot;:false},&quot;mutedOverlay&quot;:{&quot;enabled&quot;:false,&quot;src&quot;:&quot;&quot;,&quot;width&quot;:200,&quot;focalPoint&quot;:{&quot;x&quot;:0.5,&quot;y&quot;:0.5}},&quot;mutedOverlayType&quot;:&quot;text&quot;,&quot;mutedOverlayText&quot;:&quot;Click to play&quot;,&quot;mutedOverlayImageWidth&quot;:200,&quot;chapters&quot;:[],&quot;overlays&quot;:[],&quot;tracks&quot;:[],&quot;title&quot;:&quot;lintemporellome_1740567051946&quot;}'\n\t\tanalytics=''\n\t\tautomations\t\tprovider='self-hosted'\n\t\t\t\tid=\"presto-player-1\"\n\t\tsrc=\"https:\/\/www.hotel-intemporel.com\/wp-content\/uploads\/2025\/02\/lintemporellome_1740567051946.mp4\"\n\t\tmedia-title=\"lintemporellome_1740567051946\"\n\t\tcss=\"\"\n\t\tclass=\"presto-video-id-2 presto-preset-id-3 skin-modern\"\n\t\tskin=\"modern\" \n\t\ticon-url=\"https:\/\/www.hotel-intemporel.com\/wp-content\/plugins\/presto-player\/img\/sprite.svg\" \n\t\tpreload=\"\" \n\t\tposter=\"\"\n\t\tyoutube=\"{&quot;noCookie&quot;:false,&quot;channelId&quot;:&quot;&quot;,&quot;show_count&quot;:false}\"\n\t\tprovider-video-id=\"\"\n\t\tvideo-id=\"2\"\n\t\t\t\tvideo-attributes='{}'\n\t\tplaysinline\t\t\t\t>\n\t\t            <video controls preload=\"none\">\n            <source src=\"https:\/\/www.hotel-intemporel.com\/wp-content\/uploads\/2025\/02\/lintemporellome_1740567051946.mp4\" \/>\n        <\/video>\n    \n\n\t<\/presto-player>\n<\/figure><\/div>\n\n\n\n\n<p class=\"has-whitesmoke-background-color has-background\"><\/p>\n\n\n\n<p class=\"has-text-align-center\">Vous y trouverez des plats pour les adultes comme pour les enfants, et les v\u00e9g\u00e9tariens ne sont pas oubli\u00e9s.<\/p>\n\n\n\n<p><\/p>\n","protected":false},"excerpt":{"rendered":"<p>Avec sa grande terrasse \u00e0 ciel ouvert et ombrag\u00e9e par son immense arbre de plus de 50 ans, le restaurant [&hellip;]<\/p>\n","protected":false},"author":1,"featured_media":0,"parent":0,"menu_order":0,"comment_status":"closed","ping_status":"closed","template":"","meta":{"site-sidebar-layout":"default","site-content-layout":"","ast-site-content-layout":"","site-content-style":"default","site-sidebar-style":"default","ast-global-header-display":"","ast-banner-title-visibility":"","ast-main-header-display":"","ast-hfb-above-header-display":"","ast-hfb-below-header-display":"","ast-hfb-mobile-header-display":"","site-post-title":"","ast-breadcrumbs-content":"","ast-featured-img":"","footer-sml-layout":"","theme-transparent-header-meta":"","adv-header-id-meta":"","stick-header-meta":"","header-above-stick-meta":"","header-main-stick-meta":"","header-below-stick-meta":"","astra-migrate-meta-layouts":"default","ast-page-background-enabled":"default","ast-page-background-meta":{"desktop":{"background-color":"var(--ast-global-color-5)","background-image":"","background-repeat":"repeat","background-position":"center center","background-size":"auto","background-attachment":"scroll","background-type":"","background-media":"","overlay-type":"","overlay-color":"","overlay-opacity":"","overlay-gradient":""},"tablet":{"background-color":"","background-image":"","background-repeat":"repeat","background-position":"center center","background-size":"auto","background-attachment":"scroll","background-type":"","background-media":"","overlay-type":"","overlay-color":"","overlay-opacity":"","overlay-gradient":""},"mobile":{"background-color":"","background-image":"","background-repeat":"repeat","background-position":"center center","background-size":"auto","background-attachment":"scroll","background-type":"","background-media":"","overlay-type":"","overlay-color":"","overlay-opacity":"","overlay-gradient":""}},"ast-content-background-meta":{"desktop":{"background-color":"var(--ast-global-color-4)","background-image":"","background-repeat":"repeat","background-position":"center center","background-size":"auto","background-attachment":"scroll","background-type":"","background-media":"","overlay-type":"","overlay-color":"","overlay-opacity":"","overlay-gradient":""},"tablet":{"background-color":"var(--ast-global-color-4)","background-image":"","background-repeat":"repeat","background-position":"center center","background-size":"auto","background-attachment":"scroll","background-type":"","background-media":"","overlay-type":"","overlay-color":"","overlay-opacity":"","overlay-gradient":""},"mobile":{"background-color":"var(--ast-global-color-4)","background-image":"","background-repeat":"repeat","background-position":"center center","background-size":"auto","background-attachment":"scroll","background-type":"","background-media":"","overlay-type":"","overlay-color":"","overlay-opacity":"","overlay-gradient":""}},"footnotes":""},"class_list":["post-31","page","type-page","status-publish","hentry"],"_links":{"self":[{"href":"https:\/\/www.hotel-intemporel.com\/index.php\/wp-json\/wp\/v2\/pages\/31","targetHints":{"allow":["GET"]}}],"collection":[{"href":"https:\/\/www.hotel-intemporel.com\/index.php\/wp-json\/wp\/v2\/pages"}],"about":[{"href":"https:\/\/www.hotel-intemporel.com\/index.php\/wp-json\/wp\/v2\/types\/page"}],"author":[{"embeddable":true,"href":"https:\/\/www.hotel-intemporel.com\/index.php\/wp-json\/wp\/v2\/users\/1"}],"replies":[{"embeddable":true,"href":"https:\/\/www.hotel-intemporel.com\/index.php\/wp-json\/wp\/v2\/comments?post=31"}],"version-history":[{"count":22,"href":"https:\/\/www.hotel-intemporel.com\/index.php\/wp-json\/wp\/v2\/pages\/31\/revisions"}],"predecessor-version":[{"id":490,"href":"https:\/\/www.hotel-intemporel.com\/index.php\/wp-json\/wp\/v2\/pages\/31\/revisions\/490"}],"wp:attachment":[{"href":"https:\/\/www.hotel-intemporel.com\/index.php\/wp-json\/wp\/v2\/media?parent=31"}],"curies":[{"name":"wp","href":"https:\/\/api.w.org\/{rel}","templated":true}]}}