{"id":32,"date":"2025-02-03T20:30:37","date_gmt":"2025-02-03T19:30:37","guid":{"rendered":"https:\/\/hotel-intemporel.com\/?page_id=32"},"modified":"2025-03-12T22:14:45","modified_gmt":"2025-03-12T21:14:45","slug":"bar","status":"publish","type":"page","link":"https:\/\/www.hotel-intemporel.com\/index.php\/bar\/","title":{"rendered":"d_Bar"},"content":{"rendered":"\n<p class=\"has-text-align-center\">Avec plus de 60 r\u00e9f\u00e9rences de boissons fra\u00eeches, de boissons chaudes, de bi\u00e8res, de jus de fruits frais, de vins et de cocktails maison, l&rsquo;Intemporel ouvre \u00e0 sa client\u00e8le une large gamme de boissons.<\/p>\n\n\n\n<figure class=\"wp-block-image aligncenter size-large is-resized\"><img loading=\"lazy\" decoding=\"async\" width=\"2560\" height=\"1707\" src=\"https:\/\/www.hotel-intemporel.com\/wp-content\/uploads\/2025\/03\/9-edited-scaled.jpg\" alt=\"\" class=\"wp-image-356\" style=\"object-fit:cover;width:500px;height:250px\" srcset=\"https:\/\/www.hotel-intemporel.com\/wp-content\/uploads\/2025\/03\/9-edited-scaled.jpg 2560w, https:\/\/www.hotel-intemporel.com\/wp-content\/uploads\/2025\/03\/9-edited-300x200.jpg 300w, https:\/\/www.hotel-intemporel.com\/wp-content\/uploads\/2025\/03\/9-edited-1024x683.jpg 1024w, https:\/\/www.hotel-intemporel.com\/wp-content\/uploads\/2025\/03\/9-edited-768x512.jpg 768w, https:\/\/www.hotel-intemporel.com\/wp-content\/uploads\/2025\/03\/9-edited-1536x1024.jpg 1536w, https:\/\/www.hotel-intemporel.com\/wp-content\/uploads\/2025\/03\/9-edited-2048x1365.jpg 2048w\" sizes=\"auto, (max-width: 2560px) 100vw, 2560px\" \/><\/figure>\n\n\n\n<figure class=\"wp-block-image aligncenter size-full is-resized\"><img loading=\"lazy\" decoding=\"async\" width=\"800\" height=\"533\" src=\"https:\/\/www.hotel-intemporel.com\/wp-content\/uploads\/2025\/03\/2025-03-02-at-19.21.09.jpeg\" alt=\"\" class=\"wp-image-347\" style=\"object-fit:cover;width:500px;height:250px\" srcset=\"https:\/\/www.hotel-intemporel.com\/wp-content\/uploads\/2025\/03\/2025-03-02-at-19.21.09.jpeg 800w, https:\/\/www.hotel-intemporel.com\/wp-content\/uploads\/2025\/03\/2025-03-02-at-19.21.09-300x200.jpeg 300w, https:\/\/www.hotel-intemporel.com\/wp-content\/uploads\/2025\/03\/2025-03-02-at-19.21.09-768x512.jpeg 768w\" sizes=\"auto, (max-width: 800px) 100vw, 800px\" \/><\/figure>\n","protected":false},"excerpt":{"rendered":"<p>Avec plus de 60 r\u00e9f\u00e9rences de boissons fra\u00eeches, de boissons chaudes, de bi\u00e8res, de jus de fruits frais, de vins [&hellip;]<\/p>\n","protected":false},"author":1,"featured_media":0,"parent":0,"menu_order":0,"comment_status":"closed","ping_status":"closed","template":"","meta":{"site-sidebar-layout":"default","site-content-layout":"","ast-site-content-layout":"","site-content-style":"default","site-sidebar-style":"default","ast-global-header-display":"","ast-banner-title-visibility":"","ast-main-header-display":"","ast-hfb-above-header-display":"","ast-hfb-below-header-display":"","ast-hfb-mobile-header-display":"","site-post-title":"","ast-breadcrumbs-content":"","ast-featured-img":"","footer-sml-layout":"","theme-transparent-header-meta":"","adv-header-id-meta":"","stick-header-meta":"","header-above-stick-meta":"","header-main-stick-meta":"","header-below-stick-meta":"","astra-migrate-meta-layouts":"default","ast-page-background-enabled":"default","ast-page-background-meta":{"desktop":{"background-color":"var(--ast-global-color-5)","background-image":"","background-repeat":"repeat","background-position":"center center","background-size":"auto","background-attachment":"scroll","background-type":"","background-media":"","overlay-type":"","overlay-color":"","overlay-opacity":"","overlay-gradient":""},"tablet":{"background-color":"","background-image":"","background-repeat":"repeat","background-position":"center center","background-size":"auto","background-attachment":"scroll","background-type":"","background-media":"","overlay-type":"","overlay-color":"","overlay-opacity":"","overlay-gradient":""},"mobile":{"background-color":"","background-image":"","background-repeat":"repeat","background-position":"center center","background-size":"auto","background-attachment":"scroll","background-type":"","background-media":"","overlay-type":"","overlay-color":"","overlay-opacity":"","overlay-gradient":""}},"ast-content-background-meta":{"desktop":{"background-color":"var(--ast-global-color-4)","background-image":"","background-repeat":"repeat","background-position":"center center","background-size":"auto","background-attachment":"scroll","background-type":"","background-media":"","overlay-type":"","overlay-color":"","overlay-opacity":"","overlay-gradient":""},"tablet":{"background-color":"var(--ast-global-color-4)","background-image":"","background-repeat":"repeat","background-position":"center center","background-size":"auto","background-attachment":"scroll","background-type":"","background-media":"","overlay-type":"","overlay-color":"","overlay-opacity":"","overlay-gradient":""},"mobile":{"background-color":"var(--ast-global-color-4)","background-image":"","background-repeat":"repeat","background-position":"center center","background-size":"auto","background-attachment":"scroll","background-type":"","background-media":"","overlay-type":"","overlay-color":"","overlay-opacity":"","overlay-gradient":""}},"footnotes":""},"class_list":["post-32","page","type-page","status-publish","hentry"],"_links":{"self":[{"href":"https:\/\/www.hotel-intemporel.com\/index.php\/wp-json\/wp\/v2\/pages\/32","targetHints":{"allow":["GET"]}}],"collection":[{"href":"https:\/\/www.hotel-intemporel.com\/index.php\/wp-json\/wp\/v2\/pages"}],"about":[{"href":"https:\/\/www.hotel-intemporel.com\/index.php\/wp-json\/wp\/v2\/types\/page"}],"author":[{"embeddable":true,"href":"https:\/\/www.hotel-intemporel.com\/index.php\/wp-json\/wp\/v2\/users\/1"}],"replies":[{"embeddable":true,"href":"https:\/\/www.hotel-intemporel.com\/index.php\/wp-json\/wp\/v2\/comments?post=32"}],"version-history":[{"count":14,"href":"https:\/\/www.hotel-intemporel.com\/index.php\/wp-json\/wp\/v2\/pages\/32\/revisions"}],"predecessor-version":[{"id":460,"href":"https:\/\/www.hotel-intemporel.com\/index.php\/wp-json\/wp\/v2\/pages\/32\/revisions\/460"}],"wp:attachment":[{"href":"https:\/\/www.hotel-intemporel.com\/index.php\/wp-json\/wp\/v2\/media?parent=32"}],"curies":[{"name":"wp","href":"https:\/\/api.w.org\/{rel}","templated":true}]}}