{"id":33,"date":"2025-02-03T20:30:37","date_gmt":"2025-02-03T19:30:37","guid":{"rendered":"https:\/\/hotel-intemporel.com\/?page_id=33"},"modified":"2025-03-13T23:54:43","modified_gmt":"2025-03-13T22:54:43","slug":"spectacles","status":"publish","type":"page","link":"https:\/\/www.hotel-intemporel.com\/index.php\/spectacles\/","title":{"rendered":"e_Animations"},"content":{"rendered":"\n<p class=\"has-text-align-center\"><strong>Les animations et soir\u00e9es <\/strong><\/p>\n\n\n\n<div class=\"wp-block-presto-player-reusable-edit\"><!--presto-player:video_id=4--><figure class=\"wp-block-video presto-block-video  presto-provider-self-hosted\" style=\"--plyr-color-main: var(--presto-player-highlight-color, #00b3ff); --presto-player-logo-width: 150px; \">\n\t<presto-player \n\t\tpreset='{&quot;id&quot;:1,&quot;name&quot;:&quot;Default&quot;,&quot;slug&quot;:&quot;default&quot;,&quot;icon&quot;:&quot;format-video&quot;,&quot;skin&quot;:&quot;modern&quot;,&quot;play-large&quot;:true,&quot;rewind&quot;:true,&quot;play&quot;:true,&quot;fast-forward&quot;:true,&quot;progress&quot;:true,&quot;current-time&quot;:true,&quot;mute&quot;:true,&quot;volume&quot;:true,&quot;speed&quot;:false,&quot;pip&quot;:false,&quot;fullscreen&quot;:true,&quot;captions&quot;:false,&quot;reset_on_end&quot;:true,&quot;auto_hide&quot;:true,&quot;show_time_elapsed&quot;:false,&quot;captions_enabled&quot;:false,&quot;save_player_position&quot;:true,&quot;sticky_scroll&quot;:false,&quot;sticky_scroll_position&quot;:&quot;bottom right&quot;,&quot;on_video_end&quot;:&quot;select&quot;,&quot;play_video_viewport&quot;:false,&quot;hide_youtube&quot;:false,&quot;lazy_load_youtube&quot;:false,&quot;hide_logo&quot;:false,&quot;border_radius&quot;:0,&quot;caption_style&quot;:&quot;&quot;,&quot;caption_background&quot;:&quot;&quot;,&quot;is_locked&quot;:true,&quot;cta&quot;:[&quot;&quot;],&quot;watermark&quot;:[&quot;&quot;],&quot;search&quot;:[&quot;&quot;],&quot;email_collection&quot;:[&quot;&quot;],&quot;action_bar&quot;:[&quot;&quot;],&quot;created_by&quot;:1,&quot;created_at&quot;:&quot;2025-03-13 22:35:32&quot;,&quot;updated_at&quot;:&quot;2025-03-13 22:35:32&quot;,&quot;deleted_at&quot;:&quot;&quot;}'\n\t\tbranding='{&quot;logo&quot;:&quot;&quot;,&quot;color&quot;:&quot;#00b3ff&quot;,&quot;logo_width&quot;:150,&quot;player_css&quot;:&quot;&quot;}'\n\t\tchapters='[]'\n\t\toverlays='[]'\n\t\ttracks='[]'\n\t\tblock-attributes='{&quot;playsInline&quot;:true,&quot;id&quot;:4,&quot;attachment_id&quot;:529,&quot;src&quot;:&quot;https:\\\/\\\/www.hotel-intemporel.com\\\/wp-content\\\/uploads\\\/2025\\\/03\\\/fete_bresil.mp4&quot;,&quot;preset&quot;:1,&quot;visibility&quot;:&quot;public&quot;,&quot;color&quot;:&quot;#00b3ff&quot;,&quot;mutedPreview&quot;:{&quot;enabled&quot;:false,&quot;captions&quot;:false},&quot;mutedOverlay&quot;:{&quot;enabled&quot;:false,&quot;src&quot;:&quot;&quot;,&quot;width&quot;:200,&quot;focalPoint&quot;:{&quot;x&quot;:0.5,&quot;y&quot;:0.5}},&quot;mutedOverlayType&quot;:&quot;text&quot;,&quot;mutedOverlayText&quot;:&quot;Click to play&quot;,&quot;mutedOverlayImageWidth&quot;:200,&quot;chapters&quot;:[],&quot;overlays&quot;:[],&quot;tracks&quot;:[],&quot;title&quot;:&quot;fete_bresil&quot;}'\n\t\tanalytics=''\n\t\tautomations\t\tprovider='self-hosted'\n\t\t\t\tid=\"presto-player-1\"\n\t\tsrc=\"https:\/\/www.hotel-intemporel.com\/wp-content\/uploads\/2025\/03\/fete_bresil.mp4\"\n\t\tmedia-title=\"fete_bresil\"\n\t\tcss=\"\"\n\t\tclass=\"presto-video-id-4 presto-preset-id-1 skin-modern\"\n\t\tskin=\"modern\" \n\t\ticon-url=\"https:\/\/www.hotel-intemporel.com\/wp-content\/plugins\/presto-player\/img\/sprite.svg\" \n\t\tpreload=\"\" \n\t\tposter=\"\"\n\t\tyoutube=\"{&quot;noCookie&quot;:false,&quot;channelId&quot;:&quot;&quot;,&quot;show_count&quot;:false}\"\n\t\tprovider-video-id=\"\"\n\t\tvideo-id=\"4\"\n\t\t\t\tvideo-attributes='{}'\n\t\tplaysinline\t\t\t\t>\n\t\t            <video controls preload=\"none\">\n            <source src=\"https:\/\/www.hotel-intemporel.com\/wp-content\/uploads\/2025\/03\/fete_bresil.mp4\" \/>\n        <\/video>\n    \n\n\t<\/presto-player>\n<\/figure><\/div>\n\n\n\n\n<p><\/p>\n\n\n\n<p class=\"has-text-align-center\">&#8211; Tous les vendredis soir, vous pourrez vivre, d\u00e8s 20h30, le live music offert autours d&rsquo;une th\u00e9matique culinaire<\/p>\n\n\n\n<p class=\"has-text-align-center\"><\/p>\n\n\n<div id=\"metaslider-id-364\" style=\"max-width: 500px; margin: 0 auto;\" class=\"ml-slider-3-100-1 metaslider metaslider-flex metaslider-364 ml-slider ms-theme-default-base has-dots-nav\" role=\"region\" aria-label=\"Spectacles\" data-height=\"250\" data-width=\"500\">\n    <div id=\"metaslider_container_364\">\n        <div id=\"metaslider_364\">\n            <ul class='slides'>\n                <li style=\"display: block; width: 100%;\" class=\"slide-365 ms-image \" aria-roledescription=\"slide\" data-date=\"2025-03-03 21:12:46\"><img loading=\"lazy\" decoding=\"async\" src=\"https:\/\/www.hotel-intemporel.com\/wp-content\/uploads\/2025\/03\/2025-03-02-at-19.21.17-8-500x250.jpeg\" height=\"250\" width=\"500\" alt=\"\" class=\"slider-364 slide-365 msDefaultImage\" title=\"2025-03-02 at 19.21.17-8\" \/><\/li>\n                <li style=\"display: none; width: 100%;\" class=\"slide-367 ms-image \" aria-roledescription=\"slide\" data-date=\"2025-03-03 21:17:07\"><img loading=\"lazy\" decoding=\"async\" src=\"https:\/\/www.hotel-intemporel.com\/wp-content\/uploads\/2025\/03\/Capture-decran-du-2025-03-03-21-16-20-325x162.png\" height=\"250\" width=\"500\" alt=\"\" class=\"slider-364 slide-367 msDefaultImage\" title=\"Capture d\u2019\u00e9cran du 2025-03-03 21-16-20\" \/><\/li>\n                <li style=\"display: none; width: 100%;\" class=\"slide-369 ms-image \" aria-roledescription=\"slide\" data-date=\"2025-03-03 21:20:04\"><img loading=\"lazy\" decoding=\"async\" src=\"https:\/\/www.hotel-intemporel.com\/wp-content\/uploads\/2025\/03\/Capture-decran-du-2025-03-03-21-19-25-302x151.png\" height=\"250\" width=\"500\" alt=\"\" class=\"slider-364 slide-369 msDefaultImage\" title=\"Capture d\u2019\u00e9cran du 2025-03-03 21-19-25\" \/><\/li>\n            <\/ul>\n        <\/div>\n        \n    <\/div>\n<\/div>\n\n\n\n<p class=\"has-text-align-center\">&#8211; Tous les jeudis soir, la devanture se transforme en un terrain de p\u00e9tanque d\u00e8s 19h pour permettre de se d\u00e9tendre entre copains<\/p>\n\n\n\n<p class=\"has-text-align-center\">&#8211; Ponctuellement, de diff\u00e9rentes animations ont lieues, tel que des journ\u00e9e d&rsquo;expo-vente, des soir\u00e9es dansantes ou traditionnelles<\/p>\n\n\n\n<p class=\"has-text-align-center\">&#8211; Vous pouvez \u00e9galement b\u00e9n\u00e9ficier de l&rsquo;organisation de vos \u00e9v\u00e9nements, tels que vos anniversaires, pots de d\u00e9part ou de bienvenue !<\/p>\n","protected":false},"excerpt":{"rendered":"<p>Les animations et soir\u00e9es &#8211; Tous les vendredis soir, vous pourrez vivre, d\u00e8s 20h30, le live music offert autours d&rsquo;une [&hellip;]<\/p>\n","protected":false},"author":1,"featured_media":0,"parent":0,"menu_order":0,"comment_status":"closed","ping_status":"closed","template":"","meta":{"site-sidebar-layout":"default","site-content-layout":"","ast-site-content-layout":"","site-content-style":"default","site-sidebar-style":"default","ast-global-header-display":"","ast-banner-title-visibility":"","ast-main-header-display":"","ast-hfb-above-header-display":"","ast-hfb-below-header-display":"","ast-hfb-mobile-header-display":"","site-post-title":"","ast-breadcrumbs-content":"","ast-featured-img":"","footer-sml-layout":"","theme-transparent-header-meta":"","adv-header-id-meta":"","stick-header-meta":"","header-above-stick-meta":"","header-main-stick-meta":"","header-below-stick-meta":"","astra-migrate-meta-layouts":"default","ast-page-background-enabled":"default","ast-page-background-meta":{"desktop":{"background-color":"var(--ast-global-color-5)","background-image":"","background-repeat":"repeat","background-position":"center center","background-size":"auto","background-attachment":"scroll","background-type":"","background-media":"","overlay-type":"","overlay-color":"","overlay-opacity":"","overlay-gradient":""},"tablet":{"background-color":"","background-image":"","background-repeat":"repeat","background-position":"center center","background-size":"auto","background-attachment":"scroll","background-type":"","background-media":"","overlay-type":"","overlay-color":"","overlay-opacity":"","overlay-gradient":""},"mobile":{"background-color":"","background-image":"","background-repeat":"repeat","background-position":"center center","background-size":"auto","background-attachment":"scroll","background-type":"","background-media":"","overlay-type":"","overlay-color":"","overlay-opacity":"","overlay-gradient":""}},"ast-content-background-meta":{"desktop":{"background-color":"var(--ast-global-color-4)","background-image":"","background-repeat":"repeat","background-position":"center center","background-size":"auto","background-attachment":"scroll","background-type":"","background-media":"","overlay-type":"","overlay-color":"","overlay-opacity":"","overlay-gradient":""},"tablet":{"background-color":"var(--ast-global-color-4)","background-image":"","background-repeat":"repeat","background-position":"center center","background-size":"auto","background-attachment":"scroll","background-type":"","background-media":"","overlay-type":"","overlay-color":"","overlay-opacity":"","overlay-gradient":""},"mobile":{"background-color":"var(--ast-global-color-4)","background-image":"","background-repeat":"repeat","background-position":"center center","background-size":"auto","background-attachment":"scroll","background-type":"","background-media":"","overlay-type":"","overlay-color":"","overlay-opacity":"","overlay-gradient":""}},"footnotes":""},"class_list":["post-33","page","type-page","status-publish","hentry"],"_links":{"self":[{"href":"https:\/\/www.hotel-intemporel.com\/index.php\/wp-json\/wp\/v2\/pages\/33","targetHints":{"allow":["GET"]}}],"collection":[{"href":"https:\/\/www.hotel-intemporel.com\/index.php\/wp-json\/wp\/v2\/pages"}],"about":[{"href":"https:\/\/www.hotel-intemporel.com\/index.php\/wp-json\/wp\/v2\/types\/page"}],"author":[{"embeddable":true,"href":"https:\/\/www.hotel-intemporel.com\/index.php\/wp-json\/wp\/v2\/users\/1"}],"replies":[{"embeddable":true,"href":"https:\/\/www.hotel-intemporel.com\/index.php\/wp-json\/wp\/v2\/comments?post=33"}],"version-history":[{"count":19,"href":"https:\/\/www.hotel-intemporel.com\/index.php\/wp-json\/wp\/v2\/pages\/33\/revisions"}],"predecessor-version":[{"id":492,"href":"https:\/\/www.hotel-intemporel.com\/index.php\/wp-json\/wp\/v2\/pages\/33\/revisions\/492"}],"wp:attachment":[{"href":"https:\/\/www.hotel-intemporel.com\/index.php\/wp-json\/wp\/v2\/media?parent=33"}],"curies":[{"name":"wp","href":"https:\/\/api.w.org\/{rel}","templated":true}]}}