{"id":514,"date":"2025-04-18T17:09:37","date_gmt":"2025-04-18T15:09:37","guid":{"rendered":"https:\/\/www.hotel-intemporel.com\/?page_id=514"},"modified":"2025-04-23T19:14:46","modified_gmt":"2025-04-23T17:14:46","slug":"g_-bon-a-savoir","status":"publish","type":"page","link":"https:\/\/www.hotel-intemporel.com\/index.php\/g_-bon-a-savoir\/","title":{"rendered":"g_Bon \u00e0 savoir"},"content":{"rendered":"<div id=\"metaslider-id-351\" style=\"max-width: 400px; margin: 0 auto;\" class=\"ml-slider-3-100-1 metaslider metaslider-flex metaslider-351 ml-slider ms-theme-default-base has-dots-nav\" role=\"region\" aria-label=\"Divers\" data-height=\"300\" data-width=\"400\">\n    <div id=\"metaslider_container_351\">\n        <div id=\"metaslider_351\">\n            <ul class='slides'>\n                <li style=\"display: block; width: 100%;\" class=\"slide-352 ms-image \" aria-roledescription=\"slide\" data-date=\"2025-03-02 19:37:48\"><img loading=\"lazy\" decoding=\"async\" src=\"https:\/\/www.hotel-intemporel.com\/wp-content\/uploads\/2025\/03\/2025-03-02-at-19.21.15-400x300.jpeg\" height=\"300\" width=\"400\" alt=\"\" class=\"slider-351 slide-352 msDefaultImage\" title=\"2025-03-02 at 19.21.15\" \/><\/li>\n                <li style=\"display: none; width: 100%;\" class=\"slide-382 ms-image \" aria-roledescription=\"slide\" data-date=\"2025-03-03 21:49:12\"><img loading=\"lazy\" decoding=\"async\" src=\"https:\/\/www.hotel-intemporel.com\/wp-content\/uploads\/2025\/03\/2025-03-02-at-19.21.17-2-400x300.jpeg\" height=\"300\" width=\"400\" alt=\"\" class=\"slider-351 slide-382 msDefaultImage\" title=\"2025-03-02 at 19.21.17-2\" \/><\/li>\n            <\/ul>\n        <\/div>\n        \n    <\/div>\n<\/div>\n\n\n\n<p><strong>Le service traiteur :<\/strong><br>Tenu d&rsquo;une main de ma\u00eetre par le chef de cuisine et sa brigade, l&rsquo;Intemporel se d\u00e9ploie pour tous vos moments de vie : n&rsquo;h\u00e9sitez pas \u00e0 nous contacter pour plus de pr\u00e9cisions.<\/p>\n\n\n\n<p><strong>Les horaires :<\/strong><br>Du lundi au samedi : de 7h \u00e0 23h en continu<br>Le dimanche : de 7h \u00e0 10h et de 16h \u00e0 23h<\/p>\n\n\n\n<p><strong>Les touches de confort :<\/strong><\/p>\n\n\n\n<ul class=\"wp-block-list\">\n<li>S\u00e9curit\u00e9 24h\/24<\/li>\n\n\n\n<li>Places de parking<\/li>\n\n\n\n<li>Acc\u00e8s WIFI sur toute la terrasse<\/li>\n\n\n\n<li>Petits d\u00e9jeuners d\u00e8s 7h<\/li>\n\n\n\n<li>Buanderie<\/li>\n<\/ul>\n","protected":false},"excerpt":{"rendered":"<p>Le service traiteur :Tenu d&rsquo;une main de ma\u00eetre par le chef de cuisine et sa brigade, l&rsquo;Intemporel se d\u00e9ploie pour [&hellip;]<\/p>\n","protected":false},"author":1,"featured_media":0,"parent":0,"menu_order":0,"comment_status":"closed","ping_status":"closed","template":"","meta":{"site-sidebar-layout":"default","site-content-layout":"","ast-site-content-layout":"","site-content-style":"default","site-sidebar-style":"default","ast-global-header-display":"","ast-banner-title-visibility":"","ast-main-header-display":"","ast-hfb-above-header-display":"","ast-hfb-below-header-display":"","ast-hfb-mobile-header-display":"","site-post-title":"","ast-breadcrumbs-content":"","ast-featured-img":"","footer-sml-layout":"","theme-transparent-header-meta":"","adv-header-id-meta":"","stick-header-meta":"","header-above-stick-meta":"","header-main-stick-meta":"","header-below-stick-meta":"","astra-migrate-meta-layouts":"default","ast-page-background-enabled":"default","ast-page-background-meta":{"desktop":{"background-color":"var(--ast-global-color-5)","background-image":"","background-repeat":"repeat","background-position":"center center","background-size":"auto","background-attachment":"scroll","background-type":"","background-media":"","overlay-type":"","overlay-color":"","overlay-opacity":"","overlay-gradient":""},"tablet":{"background-color":"","background-image":"","background-repeat":"repeat","background-position":"center center","background-size":"auto","background-attachment":"scroll","background-type":"","background-media":"","overlay-type":"","overlay-color":"","overlay-opacity":"","overlay-gradient":""},"mobile":{"background-color":"","background-image":"","background-repeat":"repeat","background-position":"center center","background-size":"auto","background-attachment":"scroll","background-type":"","background-media":"","overlay-type":"","overlay-color":"","overlay-opacity":"","overlay-gradient":""}},"ast-content-background-meta":{"desktop":{"background-color":"var(--ast-global-color-4)","background-image":"","background-repeat":"repeat","background-position":"center center","background-size":"auto","background-attachment":"scroll","background-type":"","background-media":"","overlay-type":"","overlay-color":"","overlay-opacity":"","overlay-gradient":""},"tablet":{"background-color":"var(--ast-global-color-4)","background-image":"","background-repeat":"repeat","background-position":"center center","background-size":"auto","background-attachment":"scroll","background-type":"","background-media":"","overlay-type":"","overlay-color":"","overlay-opacity":"","overlay-gradient":""},"mobile":{"background-color":"var(--ast-global-color-4)","background-image":"","background-repeat":"repeat","background-position":"center center","background-size":"auto","background-attachment":"scroll","background-type":"","background-media":"","overlay-type":"","overlay-color":"","overlay-opacity":"","overlay-gradient":""}},"footnotes":""},"class_list":["post-514","page","type-page","status-publish","hentry"],"_links":{"self":[{"href":"https:\/\/www.hotel-intemporel.com\/index.php\/wp-json\/wp\/v2\/pages\/514","targetHints":{"allow":["GET"]}}],"collection":[{"href":"https:\/\/www.hotel-intemporel.com\/index.php\/wp-json\/wp\/v2\/pages"}],"about":[{"href":"https:\/\/www.hotel-intemporel.com\/index.php\/wp-json\/wp\/v2\/types\/page"}],"author":[{"embeddable":true,"href":"https:\/\/www.hotel-intemporel.com\/index.php\/wp-json\/wp\/v2\/users\/1"}],"replies":[{"embeddable":true,"href":"https:\/\/www.hotel-intemporel.com\/index.php\/wp-json\/wp\/v2\/comments?post=514"}],"version-history":[{"count":5,"href":"https:\/\/www.hotel-intemporel.com\/index.php\/wp-json\/wp\/v2\/pages\/514\/revisions"}],"predecessor-version":[{"id":548,"href":"https:\/\/www.hotel-intemporel.com\/index.php\/wp-json\/wp\/v2\/pages\/514\/revisions\/548"}],"wp:attachment":[{"href":"https:\/\/www.hotel-intemporel.com\/index.php\/wp-json\/wp\/v2\/media?parent=514"}],"curies":[{"name":"wp","href":"https:\/\/api.w.org\/{rel}","templated":true}]}}