{"id":6,"date":"2025-02-02T21:36:10","date_gmt":"2025-02-02T20:36:10","guid":{"rendered":"https:\/\/hotel-intemporel.com\/index.php\/home\/"},"modified":"2026-01-12T18:39:49","modified_gmt":"2026-01-12T17:39:49","slug":"home","status":"publish","type":"page","link":"https:\/\/www.hotel-intemporel.com\/","title":{"rendered":"a_Accueil"},"content":{"rendered":"\n<div class=\"su-button-center\"><a href=\"https:\/\/www.instagram.com\/lintemporellome\" class=\"su-button su-button-style-bubbles\" style=\"color:#000000;background-color:#d0c2c3;border-color:#a79c9c;border-radius:61px\" target=\"_blank\" rel=\"noopener noreferrer\"><span style=\"color:#000000;padding:9px 28px;font-size:21px;line-height:32px;border-color:#dfd5d5;border-radius:61px;text-shadow:none\"><img decoding=\"async\" src=\"https:\/\/www.hotel-intemporel.com\/wp-content\/uploads\/2025\/03\/instagram.png\" alt=\"Des nouveaut\u00e9s &#8230;.Suivez nous sur INSTAGRAM\" style=\"width:32px;height:32px\" \/> Des nouveaut\u00e9s &#8230;.Suivez nous sur INSTAGRAM<\/span><\/a><\/div>\n\n\n\n<p><\/p>\n\n\n\n<p><\/p>\n\n\n\n<p class=\"has-text-align-center\">Situ\u00e9 dans l&rsquo;enceinte d&rsquo;une ancienne b\u00e2tisse coloniale d&rsquo;un charme fou, l&rsquo;Intemporel est situ\u00e9 au c\u0153ur de la ville, <br>proche du quartier administratif et de la fronti\u00e8re du Ghana, \u00e0 500 m\u00e8tres du bord de mer.<\/p>\n\n\n<div id=\"metaslider-id-173\" style=\"max-width: 500px; margin: 0 auto;\" class=\"ml-slider-3-100-1 metaslider metaslider-flex metaslider-173 ml-slider ms-theme-default-base has-dots-nav\" role=\"region\" aria-label=\"Exterieurs\" data-height=\"250\" data-width=\"500\">\n    <div id=\"metaslider_container_173\">\n        <div id=\"metaslider_173\">\n            <ul class='slides'>\n                <li style=\"display: block; width: 100%;\" class=\"slide-179 ms-image \" aria-roledescription=\"slide\" data-date=\"2025-02-28 10:32:18\"><img loading=\"lazy\" decoding=\"async\" src=\"https:\/\/www.hotel-intemporel.com\/wp-content\/uploads\/2025\/02\/12-scaled-500x250.jpg\" height=\"250\" width=\"500\" alt=\"\" class=\"slider-173 slide-179 msDefaultImage\" title=\"12\" \/><\/li>\n                <li style=\"display: none; width: 100%;\" class=\"slide-180 ms-image \" aria-roledescription=\"slide\" data-date=\"2025-02-28 10:32:18\"><img loading=\"lazy\" decoding=\"async\" src=\"https:\/\/www.hotel-intemporel.com\/wp-content\/uploads\/2025\/02\/8-scaled-500x250.jpg\" height=\"250\" width=\"500\" alt=\"\" class=\"slider-173 slide-180 msDefaultImage\" title=\"8\" \/><\/li>\n                <li style=\"display: none; width: 100%;\" class=\"slide-181 ms-image \" aria-roledescription=\"slide\" data-date=\"2025-02-28 10:32:18\"><img loading=\"lazy\" decoding=\"async\" src=\"https:\/\/www.hotel-intemporel.com\/wp-content\/uploads\/2025\/02\/7-scaled-500x250.jpg\" height=\"250\" width=\"500\" alt=\"\" class=\"slider-173 slide-181 msDefaultImage\" title=\"7\" \/><\/li>\n                <li style=\"display: none; width: 100%;\" class=\"slide-349 ms-image \" aria-roledescription=\"slide\" data-date=\"2025-03-02 19:34:44\"><img loading=\"lazy\" decoding=\"async\" src=\"https:\/\/www.hotel-intemporel.com\/wp-content\/uploads\/2025\/03\/2025-03-02-at-19.21.17-5-500x250.jpeg\" height=\"250\" width=\"500\" alt=\"\" class=\"slider-173 slide-349 msDefaultImage\" title=\"2025-03-02 at 19.21.17-5\" \/><\/li>\n                <li style=\"display: none; width: 100%;\" class=\"slide-350 ms-image \" aria-roledescription=\"slide\" data-date=\"2025-03-02 19:35:01\"><img loading=\"lazy\" decoding=\"async\" src=\"https:\/\/www.hotel-intemporel.com\/wp-content\/uploads\/2025\/03\/2025-03-02-at-19.21.17-7-500x250.jpeg\" height=\"250\" width=\"500\" alt=\"\" class=\"slider-173 slide-350 msDefaultImage\" title=\"2025-03-02 at 19.21.17-7\" \/><\/li>\n            <\/ul>\n        <\/div>\n        \n    <\/div>\n<\/div>\n\n\n\n<p class=\"has-text-align-center\">Dans un quartier aussi calme que s\u00e9curis\u00e9, Kodjoviakop\u00e9 est proche de la plage, des grands axes routiers et de commerces vari\u00e9s.<br>Autrefois connu sous le c\u00e9l\u00e8bre nom du Galion, l&rsquo;Intemporel re\u00e7oit en ses murs, visiteurs et voyageurs de toutes destinations.<\/p>\n\n\n\n<p class=\"has-text-align-center\"><br>Connu pour son rapport qualit\u00e9-prix et son authenticit\u00e9, vous pourrez (re)d\u00e9couvrir ce lieu\u2026 o\u00f9 le temps s&rsquo;arr\u00eate.<\/p>\n\n\n\n<p class=\"has-text-align-center\">Toutes les familles ont une histoire,<\/p>\n\n\n\n<p class=\"has-text-align-center\">Soyez les bienvenus &#8230; dans la n\u00f4tre.<\/p>\n\n\n\n<p><code>\n<div class=\"wp-block-presto-player-reusable-edit\"><!--presto-player:video_id=6--><figure class=\"wp-block-video presto-block-video  presto-provider-self-hosted\" style=\"--plyr-color-main: var(--presto-player-highlight-color, #00b3ff); --presto-player-logo-width: 150px; \">\n\t<presto-player \n\t\tpreset='{&quot;id&quot;:1,&quot;name&quot;:&quot;Default&quot;,&quot;slug&quot;:&quot;default&quot;,&quot;icon&quot;:&quot;format-video&quot;,&quot;skin&quot;:&quot;modern&quot;,&quot;play-large&quot;:true,&quot;rewind&quot;:true,&quot;play&quot;:true,&quot;fast-forward&quot;:true,&quot;progress&quot;:true,&quot;current-time&quot;:true,&quot;mute&quot;:true,&quot;volume&quot;:true,&quot;speed&quot;:false,&quot;pip&quot;:false,&quot;fullscreen&quot;:true,&quot;captions&quot;:false,&quot;reset_on_end&quot;:true,&quot;auto_hide&quot;:true,&quot;show_time_elapsed&quot;:false,&quot;captions_enabled&quot;:false,&quot;save_player_position&quot;:true,&quot;sticky_scroll&quot;:false,&quot;sticky_scroll_position&quot;:&quot;bottom right&quot;,&quot;on_video_end&quot;:&quot;select&quot;,&quot;play_video_viewport&quot;:false,&quot;hide_youtube&quot;:false,&quot;lazy_load_youtube&quot;:false,&quot;hide_logo&quot;:false,&quot;border_radius&quot;:0,&quot;caption_style&quot;:&quot;&quot;,&quot;caption_background&quot;:&quot;&quot;,&quot;is_locked&quot;:true,&quot;cta&quot;:[&quot;&quot;],&quot;watermark&quot;:[&quot;&quot;],&quot;search&quot;:[&quot;&quot;],&quot;email_collection&quot;:[&quot;&quot;],&quot;action_bar&quot;:[&quot;&quot;],&quot;created_by&quot;:1,&quot;created_at&quot;:&quot;2025-03-13 22:35:32&quot;,&quot;updated_at&quot;:&quot;2025-03-13 22:35:32&quot;,&quot;deleted_at&quot;:&quot;&quot;}'\n\t\tbranding='{&quot;logo&quot;:&quot;&quot;,&quot;color&quot;:&quot;#00b3ff&quot;,&quot;logo_width&quot;:150,&quot;player_css&quot;:&quot;&quot;}'\n\t\tchapters='[]'\n\t\toverlays='[]'\n\t\ttracks='[]'\n\t\tblock-attributes='{&quot;playsInline&quot;:true,&quot;id&quot;:6,&quot;attachment_id&quot;:616,&quot;src&quot;:&quot;https:\\\/\\\/www.hotel-intemporel.com\\\/wp-content\\\/uploads\\\/2026\\\/01\\\/Video_Galion6intemporel.mp4&quot;,&quot;preset&quot;:1,&quot;visibility&quot;:&quot;public&quot;,&quot;color&quot;:&quot;#00b3ff&quot;,&quot;mutedPreview&quot;:{&quot;enabled&quot;:false,&quot;captions&quot;:false},&quot;mutedOverlay&quot;:{&quot;enabled&quot;:false,&quot;src&quot;:&quot;&quot;,&quot;width&quot;:200,&quot;focalPoint&quot;:{&quot;x&quot;:0.5,&quot;y&quot;:0.5}},&quot;mutedOverlayType&quot;:&quot;text&quot;,&quot;mutedOverlayText&quot;:&quot;Click to play&quot;,&quot;mutedOverlayImageWidth&quot;:200,&quot;chapters&quot;:[],&quot;overlays&quot;:[],&quot;tracks&quot;:[],&quot;title&quot;:&quot;Video_Galion6intemporel&quot;}'\n\t\tanalytics=''\n\t\tautomations\t\tprovider='self-hosted'\n\t\t\t\tid=\"presto-player-1\"\n\t\tsrc=\"https:\/\/www.hotel-intemporel.com\/wp-content\/uploads\/2026\/01\/Video_Galion6intemporel.mp4\"\n\t\tmedia-title=\"Video_Galion6intemporel\"\n\t\tcss=\"\"\n\t\tclass=\"presto-video-id-6 presto-preset-id-1 skin-modern\"\n\t\tskin=\"modern\" \n\t\ticon-url=\"https:\/\/www.hotel-intemporel.com\/wp-content\/plugins\/presto-player\/img\/sprite.svg\" \n\t\tpreload=\"\" \n\t\tposter=\"\"\n\t\tyoutube=\"{&quot;noCookie&quot;:false,&quot;channelId&quot;:&quot;&quot;,&quot;show_count&quot;:false}\"\n\t\tprovider-video-id=\"\"\n\t\tvideo-id=\"6\"\n\t\t\t\tvideo-attributes='{}'\n\t\tplaysinline\t\t\t\t>\n\t\t            <video controls preload=\"none\">\n            <source src=\"https:\/\/www.hotel-intemporel.com\/wp-content\/uploads\/2026\/01\/Video_Galion6intemporel.mp4\" \/>\n        <\/video>\n    \n\n\t<\/presto-player>\n<\/figure><\/div>\n<\/code><\/p>\n","protected":false},"excerpt":{"rendered":"<p>Situ\u00e9 dans l&rsquo;enceinte d&rsquo;une ancienne b\u00e2tisse coloniale d&rsquo;un charme fou, l&rsquo;Intemporel est situ\u00e9 au c\u0153ur de la ville, proche du [&hellip;]<\/p>\n","protected":false},"author":1,"featured_media":0,"parent":0,"menu_order":0,"comment_status":"closed","ping_status":"closed","template":"","meta":{"site-sidebar-layout":"default","site-content-layout":"","ast-site-content-layout":"","site-content-style":"default","site-sidebar-style":"default","ast-global-header-display":"","ast-banner-title-visibility":"","ast-main-header-display":"","ast-hfb-above-header-display":"","ast-hfb-below-header-display":"","ast-hfb-mobile-header-display":"","site-post-title":"","ast-breadcrumbs-content":"","ast-featured-img":"","footer-sml-layout":"","theme-transparent-header-meta":"","adv-header-id-meta":"","stick-header-meta":"","header-above-stick-meta":"","header-main-stick-meta":"","header-below-stick-meta":"","astra-migrate-meta-layouts":"default","ast-page-background-enabled":"default","ast-page-background-meta":{"desktop":{"background-color":"var(--ast-global-color-5)","background-image":"","background-repeat":"repeat","background-position":"center center","background-size":"auto","background-attachment":"scroll","background-type":"","background-media":"","overlay-type":"","overlay-color":"","overlay-opacity":"","overlay-gradient":""},"tablet":{"background-color":"","background-image":"","background-repeat":"repeat","background-position":"center center","background-size":"auto","background-attachment":"scroll","background-type":"","background-media":"","overlay-type":"","overlay-color":"","overlay-opacity":"","overlay-gradient":""},"mobile":{"background-color":"","background-image":"","background-repeat":"repeat","background-position":"center center","background-size":"auto","background-attachment":"scroll","background-type":"","background-media":"","overlay-type":"","overlay-color":"","overlay-opacity":"","overlay-gradient":""}},"ast-content-background-meta":{"desktop":{"background-color":"var(--ast-global-color-4)","background-image":"","background-repeat":"repeat","background-position":"center center","background-size":"auto","background-attachment":"scroll","background-type":"","background-media":"","overlay-type":"","overlay-color":"","overlay-opacity":"","overlay-gradient":""},"tablet":{"background-color":"var(--ast-global-color-4)","background-image":"","background-repeat":"repeat","background-position":"center center","background-size":"auto","background-attachment":"scroll","background-type":"","background-media":"","overlay-type":"","overlay-color":"","overlay-opacity":"","overlay-gradient":""},"mobile":{"background-color":"var(--ast-global-color-4)","background-image":"","background-repeat":"repeat","background-position":"center center","background-size":"auto","background-attachment":"scroll","background-type":"","background-media":"","overlay-type":"","overlay-color":"","overlay-opacity":"","overlay-gradient":""}},"footnotes":""},"class_list":["post-6","page","type-page","status-publish","hentry"],"_links":{"self":[{"href":"https:\/\/www.hotel-intemporel.com\/index.php\/wp-json\/wp\/v2\/pages\/6","targetHints":{"allow":["GET"]}}],"collection":[{"href":"https:\/\/www.hotel-intemporel.com\/index.php\/wp-json\/wp\/v2\/pages"}],"about":[{"href":"https:\/\/www.hotel-intemporel.com\/index.php\/wp-json\/wp\/v2\/types\/page"}],"author":[{"embeddable":true,"href":"https:\/\/www.hotel-intemporel.com\/index.php\/wp-json\/wp\/v2\/users\/1"}],"replies":[{"embeddable":true,"href":"https:\/\/www.hotel-intemporel.com\/index.php\/wp-json\/wp\/v2\/comments?post=6"}],"version-history":[{"count":44,"href":"https:\/\/www.hotel-intemporel.com\/index.php\/wp-json\/wp\/v2\/pages\/6\/revisions"}],"predecessor-version":[{"id":617,"href":"https:\/\/www.hotel-intemporel.com\/index.php\/wp-json\/wp\/v2\/pages\/6\/revisions\/617"}],"wp:attachment":[{"href":"https:\/\/www.hotel-intemporel.com\/index.php\/wp-json\/wp\/v2\/media?parent=6"}],"curies":[{"name":"wp","href":"https:\/\/api.w.org\/{rel}","templated":true}]}}