{"id":605,"date":"2025-12-10T21:58:24","date_gmt":"2025-12-10T20:58:24","guid":{"rendered":"https:\/\/www.hotel-intemporel.com\/?page_id=605"},"modified":"2025-12-10T22:03:31","modified_gmt":"2025-12-10T21:03:31","slug":"i-lintemporel-au-centre-hippique-lome","status":"publish","type":"page","link":"https:\/\/www.hotel-intemporel.com\/index.php\/i-lintemporel-au-centre-hippique-lome\/","title":{"rendered":"i- L&rsquo;Intemporel au Centre Hippique Lome"},"content":{"rendered":"\n<p class=\"has-text-align-center\"><strong>Face \u00e0 la sortie de l&rsquo;a\u00e9roport, un \u00e9crin de nature s&rsquo;ouvre \u00e0 vous, et l&rsquo;Intemporel vous re\u00e7oit pour un moment de gourmandise du mardi au dimanche, de 10h \u00e0 21h.<br>Le club hippique est un espace de d\u00e9tente et de loisir pour petits et grands : escalade, balade \u00e0 cheval, p\u00e9tanque et ferme aux multiples animaux vous y attendent.<\/strong><\/p>\n\n\n\n<figure class=\"wp-block-gallery has-nested-images columns-default is-cropped wp-block-gallery-1 is-layout-flex wp-block-gallery-is-layout-flex\">\n<figure class=\"wp-block-image size-large\"><img loading=\"lazy\" decoding=\"async\" width=\"1024\" height=\"759\" data-id=\"606\" src=\"https:\/\/www.hotel-intemporel.com\/wp-content\/uploads\/2025\/12\/596610244_1570004687476992_5093372010683784141_n-e1765400376541-1024x759.jpg\" alt=\"\" class=\"wp-image-606\" srcset=\"https:\/\/www.hotel-intemporel.com\/wp-content\/uploads\/2025\/12\/596610244_1570004687476992_5093372010683784141_n-e1765400376541-1024x759.jpg 1024w, https:\/\/www.hotel-intemporel.com\/wp-content\/uploads\/2025\/12\/596610244_1570004687476992_5093372010683784141_n-e1765400376541-300x222.jpg 300w, https:\/\/www.hotel-intemporel.com\/wp-content\/uploads\/2025\/12\/596610244_1570004687476992_5093372010683784141_n-e1765400376541-768x569.jpg 768w, https:\/\/www.hotel-intemporel.com\/wp-content\/uploads\/2025\/12\/596610244_1570004687476992_5093372010683784141_n-e1765400376541.jpg 1080w\" sizes=\"auto, (max-width: 1024px) 100vw, 1024px\" \/><\/figure>\n<\/figure>\n","protected":false},"excerpt":{"rendered":"<p>Face \u00e0 la sortie de l&rsquo;a\u00e9roport, un \u00e9crin de nature s&rsquo;ouvre \u00e0 vous, et l&rsquo;Intemporel vous re\u00e7oit pour un moment [&hellip;]<\/p>\n","protected":false},"author":1,"featured_media":0,"parent":0,"menu_order":0,"comment_status":"closed","ping_status":"closed","template":"","meta":{"site-sidebar-layout":"default","site-content-layout":"","ast-site-content-layout":"","site-content-style":"default","site-sidebar-style":"default","ast-global-header-display":"","ast-banner-title-visibility":"","ast-main-header-display":"","ast-hfb-above-header-display":"","ast-hfb-below-header-display":"","ast-hfb-mobile-header-display":"","site-post-title":"","ast-breadcrumbs-content":"","ast-featured-img":"","footer-sml-layout":"","theme-transparent-header-meta":"","adv-header-id-meta":"","stick-header-meta":"","header-above-stick-meta":"","header-main-stick-meta":"","header-below-stick-meta":"","astra-migrate-meta-layouts":"default","ast-page-background-enabled":"default","ast-page-background-meta":{"desktop":{"background-color":"var(--ast-global-color-5)","background-image":"","background-repeat":"repeat","background-position":"center center","background-size":"auto","background-attachment":"scroll","background-type":"","background-media":"","overlay-type":"","overlay-color":"","overlay-opacity":"","overlay-gradient":""},"tablet":{"background-color":"","background-image":"","background-repeat":"repeat","background-position":"center center","background-size":"auto","background-attachment":"scroll","background-type":"","background-media":"","overlay-type":"","overlay-color":"","overlay-opacity":"","overlay-gradient":""},"mobile":{"background-color":"","background-image":"","background-repeat":"repeat","background-position":"center center","background-size":"auto","background-attachment":"scroll","background-type":"","background-media":"","overlay-type":"","overlay-color":"","overlay-opacity":"","overlay-gradient":""}},"ast-content-background-meta":{"desktop":{"background-color":"var(--ast-global-color-4)","background-image":"","background-repeat":"repeat","background-position":"center center","background-size":"auto","background-attachment":"scroll","background-type":"","background-media":"","overlay-type":"","overlay-color":"","overlay-opacity":"","overlay-gradient":""},"tablet":{"background-color":"var(--ast-global-color-4)","background-image":"","background-repeat":"repeat","background-position":"center center","background-size":"auto","background-attachment":"scroll","background-type":"","background-media":"","overlay-type":"","overlay-color":"","overlay-opacity":"","overlay-gradient":""},"mobile":{"background-color":"var(--ast-global-color-4)","background-image":"","background-repeat":"repeat","background-position":"center center","background-size":"auto","background-attachment":"scroll","background-type":"","background-media":"","overlay-type":"","overlay-color":"","overlay-opacity":"","overlay-gradient":""}},"footnotes":""},"class_list":["post-605","page","type-page","status-publish","hentry"],"_links":{"self":[{"href":"https:\/\/www.hotel-intemporel.com\/index.php\/wp-json\/wp\/v2\/pages\/605","targetHints":{"allow":["GET"]}}],"collection":[{"href":"https:\/\/www.hotel-intemporel.com\/index.php\/wp-json\/wp\/v2\/pages"}],"about":[{"href":"https:\/\/www.hotel-intemporel.com\/index.php\/wp-json\/wp\/v2\/types\/page"}],"author":[{"embeddable":true,"href":"https:\/\/www.hotel-intemporel.com\/index.php\/wp-json\/wp\/v2\/users\/1"}],"replies":[{"embeddable":true,"href":"https:\/\/www.hotel-intemporel.com\/index.php\/wp-json\/wp\/v2\/comments?post=605"}],"version-history":[{"count":4,"href":"https:\/\/www.hotel-intemporel.com\/index.php\/wp-json\/wp\/v2\/pages\/605\/revisions"}],"predecessor-version":[{"id":611,"href":"https:\/\/www.hotel-intemporel.com\/index.php\/wp-json\/wp\/v2\/pages\/605\/revisions\/611"}],"wp:attachment":[{"href":"https:\/\/www.hotel-intemporel.com\/index.php\/wp-json\/wp\/v2\/media?parent=605"}],"curies":[{"name":"wp","href":"https:\/\/api.w.org\/{rel}","templated":true}]}}